{"id":11,"date":"2011-06-26T23:37:20","date_gmt":"2011-06-27T04:37:20","guid":{"rendered":"https:\/\/jacobsoft.com.mx\/?page_id=11"},"modified":"2023-02-26T22:11:38","modified_gmt":"2023-02-27T04:11:38","slug":"inicio","status":"publish","type":"page","link":"https:\/\/www.jacobsoft.com.mx\/es_mx\/","title":{"rendered":"Inicio"},"content":{"rendered":"\n<h1 class=\"wp-block-heading\">Inteligencia Artificial, Machine Learning, IoT y Sistemas Embebidos<\/h1>\n\n\n\n<p>Bienvenidos al blog de los temas, tutoriales y <strong>art\u00edculos <\/strong>relacionados con <strong><a rel=\"noreferrer noopener\" aria-label=\"Bienvenidos al blog de los temas, tutoriales y art\u00edculos relacionados con Inteligencia Artificial y Machine Learning aplicados a soluciones reales, Sistemas embebidos para Internet de las Cosas &quot;IoT&quot; utilizando Arduino, Node MCU, Raspberry PI y FPGA. (opens in a new tab)\" href=\"https:\/\/click.linksynergy.com\/link?id=cTjR400Zjac&amp;offerid=145238.2267074&amp;type=2&amp;murl=http%3A%2F%2Fwww.informit.com%2Ftitle%2F9780134116570\" target=\"_blank\">Inteligencia Artificial<\/a><\/strong> y <strong><a rel=\"noreferrer noopener\" aria-label=\"Bienvenidos al blog de los temas, tutoriales y art\u00edculos relacionados con Inteligencia Artificial y Machine Learning aplicados a soluciones reales, Sistemas embebidos para Internet de las Cosas &quot;IoT&quot; utilizando Arduino, Node MCU, Raspberry PI y FPGA. (opens in a new tab)\" href=\"https:\/\/click.linksynergy.com\/link?id=cTjR400Zjac&amp;offerid=145238.2267051&amp;type=2&amp;murl=http%3A%2F%2Fwww.informit.com%2Ftitle%2F9780134116549\" target=\"_blank\">Machine Learning<\/a><\/strong> aplicados a soluciones reales, Sistemas embebidos para <strong><a href=\"https:\/\/click.linksynergy.com\/link?id=cTjR400Zjac&amp;offerid=145238.2355710&amp;type=2&amp;murl=http%3A%2F%2Fwww.ciscopress.com%2Ftitle%2F9780134307107\" target=\"_blank\" rel=\"noreferrer noopener\" aria-label=\"Bienvenidos al blog de los temas, tutoriales y art\u00edculos relacionados con Inteligencia Artificial y Machine Learning aplicados a soluciones reales, Sistemas embebidos para Internet de las Cosas &quot;IoT&quot; utilizando Arduino, Node MCU, Raspberry PI y FPGA. (opens in a new tab)\">Internet de las Cosas<\/a><\/strong> &#8220;IoT&#8221; utilizando Arduino, Node MCU, Raspberry PI y FPGA.<\/p>\n\n\n\n<p>La idea es compartir conocimiento, herramientas, trucos y recursos que te puedan servir para alcanzar el \u00e9xito en tus proyectos.<\/p>\n\n\n\n<hr class=\"wp-block-separator has-css-opacity advgb-dyn-c3f4f0ad\"\/>\n\n\n<ul class=\"wp-block-latest-posts__list wp-block-latest-posts\"><li><a class=\"wp-block-latest-posts__post-title\" href=\"https:\/\/www.jacobsoft.com.mx\/es_mx\/tutorial-basico-de-python\/\">Tutorial B\u00e1sico de Python<\/a><\/li>\n<li><a class=\"wp-block-latest-posts__post-title\" href=\"https:\/\/www.jacobsoft.com.mx\/es_mx\/implementacion-de-websockets-con-node-js\/\">Implementaci\u00f3n de WebSockets con Node.js<\/a><\/li>\n<li><a class=\"wp-block-latest-posts__post-title\" href=\"https:\/\/www.jacobsoft.com.mx\/es_mx\/como-crear-una-base-de-datos-con-mongodb-y-compass\/\">C\u00f3mo crear una base de datos con MongoDB y Compass<\/a><\/li>\n<li><a class=\"wp-block-latest-posts__post-title\" href=\"https:\/\/www.jacobsoft.com.mx\/es_mx\/manejo-de-formularios-en-react-js\/\">Manejo de Formularios en React.JS<\/a><\/li>\n<li><a class=\"wp-block-latest-posts__post-title\" href=\"https:\/\/www.jacobsoft.com.mx\/es_mx\/redes-neuronales-con-tensorflow-y-keras\/\">Redes Neuronales con Tensorflow y Keras<\/a><\/li>\n<li><a class=\"wp-block-latest-posts__post-title\" href=\"https:\/\/www.jacobsoft.com.mx\/es_mx\/el-modelo-de-aprendizaje-en-redes-neuronales\/\">El Modelo de Aprendizaje en Redes Neuronales<\/a><\/li>\n<li><a class=\"wp-block-latest-posts__post-title\" href=\"https:\/\/www.jacobsoft.com.mx\/es_mx\/introduccion-a-las-redes-neuronales\/\">Introducci\u00f3n a las Redes Neuronales<\/a><\/li>\n<\/ul>\n\n\n<hr class=\"wp-block-separator has-css-opacity advgb-dyn-c3f4f0ad\"\/>\n\n\n\n<p>La ciencia de datos hoy en d\u00eda es un tema que est\u00e1 influenciado a los negocios para tomar <strong>mejores decisiones<\/strong>, atender clientes e incrementar el mercado. La base para el desarrollo del an\u00e1lisis de datos es el Machine Learning y la idea es poder incrustarlo en sistemas m\u00ednimos a trav\u00e9s del <strong>prototipado r\u00e1pido<\/strong> con dispositivos como el Arduino, el Node MCU y el Raspberry PI.<\/p>\n\n\n\n<p>Contamos tambi\u00e9n con <strong>cursos <\/strong>tanto presenciales y en l\u00ednea, por lo que puedes ver los temas en la secci\u00f3n de <a href=\"https:\/\/jacobsoft.com.mx\/cursos\">cursos<\/a>. Iniciar con <a href=\"https:\/\/click.linksynergy.com\/link?id=cTjR400Zjac&amp;offerid=579862.12391510898&amp;type=2&amp;murl=http%3A%2F%2Fwww.quickstart.com%2Fpython-for-beginners.html&amp;LSNSUBSITE=LSNSUBSITE\" target=\"_blank\" rel=\"noreferrer noopener\" aria-label=\"Contamos tambi\u00e9n con cursos tanto presenciales y en l\u00ednea, por lo que puedes ver los temas en la secci\u00f3n de cursos. Iniciar con python para principiantes aqu\u00ed. (opens in a new tab)\">python para principiantes aqu\u00ed<\/a>.<\/p>\n\n\n\n<p>Adicionalmente, podr\u00e1s revisar las recomendaciones sobre recursos que te pueden ayudar para iniciarte en este fascinante mundo y si ya estas dentro, a conocer y entender <a rel=\"noreferrer noopener\" aria-label=\"Adicionalmente, podr\u00e1s revisar las recomendaciones sobre recursos que te pueden ayudar para iniciarte en este fascinante mundo y si ya estas dentro, a conocer y entender nuevas t\u00e9cnicas, el uso de sensores diversos, aplicar las bases para proyectos de mayor envergadura, etc. Por lo que te invitamos a que entres a la secci\u00f3n del blog para navegar en los diferentes temas. (opens in a new tab)\" href=\"https:\/\/click.linksynergy.com\/link?id=cTjR400Zjac&amp;offerid=579862.13627402690&amp;type=2&amp;murl=https%3A%2F%2Fwww.quickstart.com%2Famazon-web-services-basic.html&amp;LSNSUBSITE=LSNSUBSITE\" target=\"_blank\">nuevas t\u00e9cnicas<\/a>, el uso de sensores diversos, aplicar las bases para proyectos de mayor envergadura, etc. Por lo que te invitamos a que entres a la secci\u00f3n del <a href=\"https:\/\/jacobsoft.com.mx\/blog\">blog<\/a> para navegar en los diferentes temas.<\/p>\n\n\n\n<p>Si deseas suscribirte al blog para recibir notificaciones cada vez que agreguemos un art\u00edculo o tutorial, puede hacerlo <a href=\"https:\/\/www.jacobsoft.com.mx\/es_mx\/suscripcion\/\">aqu\u00ed<\/a><\/p>\n\n\n\n<p>Estos son algunos de los recursos con los que puedes iniciar:<\/p>\n\n\n\n<a href=\"https:\/\/www.udemy.com\/share\/10014WA0oTd1xUTX4=\/\" target=\"_blank\" rel=\"noopener\"><div class=\"wp-block-image\"><figure class=\"aligncenter\"><img decoding=\"async\" src=\"https:\/\/www.jacobsoft.com.mx\/wp-content\/uploads\/2018\/08\/Curso-basico-python.png\" alt=\"\" class=\"wp-image-283\"><\/figure><\/div><\/a>\n\n\n\n<div style=\"height:30px\" aria-hidden=\"true\" class=\"wp-block-spacer advgb-dyn-afe3be10\"><\/div>\n\n\n\n<div style=\"height:30px\" aria-hidden=\"true\" class=\"wp-block-spacer advgb-dyn-afe3be10\"><\/div>\n\n\n\n<p>Si requieres colocar tus proyectos en la web, <a rel=\"noreferrer noopener\" href=\"https:\/\/click.linksynergy.com\/fs-bin\/click?id=cTjR400Zjac&amp;offerid=584883.7&amp;type=3&amp;subid=0\" target=\"_blank\">Alibaba Cloud<\/a> es una muy buena alternativa para hospedar aplicaciones tanto web como de Big Data y Machine Learning dado que adem\u00e1s servicios de <a href=\"https:\/\/click.linksynergy.com\/link?id=cTjR400Zjac&amp;offerid=579862.13627402690&amp;type=2&amp;murl=https%3A%2F%2Fwww.quickstart.com%2Famazon-web-services-basic.html&amp;LSNSUBSITE=LSNSUBSITE\" target=\"_blank\" rel=\"noreferrer noopener\" aria-label=\"Si requieres colocar tus proyectos en la web, Alibaba Cloud es una muy buena alternativa para hospedar aplicaciones tanto web como de Big Data y Machine Learning dado que adem\u00e1s servicios de c\u00f3mputo en la nube a precios bastante accesibles comparados con la competencia, servicios de bases de datos bajo demanda con monitoreo automatizado. (opens in a new tab)\">c\u00f3mputo en la nube<\/a> a precios bastante accesibles comparados con la competencia, servicios de <a rel=\"noreferrer noopener\" href=\"https:\/\/click.linksynergy.com\/fs-bin\/click?id=cTjR400Zjac&amp;offerid=584883.6&amp;type=3&amp;subid=0\" target=\"_blank\">bases de datos bajo demanda<\/a> con monitoreo automatizado.<\/p>\n\n\n\n<p>Algunos recursos relacionados para los proyectos de IoT:<\/p>\n\n\n\n<script type=\"text\/javascript\">\namzn_assoc_placement = \"adunit0\";\namzn_assoc_search_bar = \"true\";\namzn_assoc_tracking_id = \"frontpage0e6-20\";\namzn_assoc_search_bar_position = \"bottom\";\namzn_assoc_ad_mode = \"search\";\namzn_assoc_ad_type = \"smart\";\namzn_assoc_marketplace = \"amazon\";\namzn_assoc_region = \"US\";\namzn_assoc_title = \"Recursos relacionados\";\namzn_assoc_default_search_phrase = \"IoT, arduino, raspberry pi\";\namzn_assoc_default_category = \"Electronics\";\namzn_assoc_linkid = \"21db38ba3ec918cbe1328e9a011f47b3\";\namzn_assoc_default_browse_node = \"172282\";\n<\/script>\n<script src=\"\/\/z-na.amazon-adsystem.com\/widgets\/onejs?MarketPlace=US\"><\/script>\n\n\n\n<div style=\"height:50px\" aria-hidden=\"true\" class=\"wp-block-spacer advgb-dyn-a1f5334f\"><\/div>\n\n\n\n<div style=\"height:30px\" aria-hidden=\"true\" class=\"wp-block-spacer advgb-dyn-afe3be10\"><\/div>\n\n\n\n<iframe loading=\"lazy\" src=\"\/\/rcm-na.amazon-adsystem.com\/e\/cm?o=1&amp;p=9&amp;l=ez&amp;f=ifr&amp;linkID=2617b7fa5d1576352f1b3f5161ffe79f&amp;t=frontpage0e6-20&amp;tracking_id=frontpage0e6-20\" width=\"180\" height=\"150\" scrolling=\"no\" border=\"0\" marginwidth=\"0\" style=\"border:none;\" frameborder=\"0\"><\/iframe>\n\n\n\n<p><\/p>\n","protected":false},"excerpt":{"rendered":"<p>Inteligencia Artificial, Machine Learning, IoT y Sistemas Embebidos Bienvenidos al blog de los temas, tutoriales &hellip; <\/p>\n","protected":false},"author":3,"featured_media":0,"parent":0,"menu_order":0,"comment_status":"closed","ping_status":"closed","template":"","meta":{"advgb_blocks_editor_width":"","advgb_blocks_columns_visual_guide":"","_monsterinsights_skip_tracking":false,"_monsterinsights_sitenote_active":false,"_monsterinsights_sitenote_note":"","_monsterinsights_sitenote_category":0,"_uf_show_specific_survey":0,"_uf_disable_surveys":false,"footnotes":""},"class_list":["post-11","page","type-page","status-publish","hentry"],"aioseo_notices":[],"featured_image_src":null,"featured_image_src_square":null,"coauthors":[],"author_meta":{"author_link":"https:\/\/www.jacobsoft.com.mx\/es_mx\/author\/","display_name":""},"relative_dates":{"created":"Publicado 15 a\u00f1os hace","modified":"Actualizado 3 a\u00f1os hace"},"absolute_dates":{"created":"Publicado el junio 26, 2011","modified":"Actualizado el febrero 26, 2023"},"absolute_dates_time":{"created":"Publicado el junio 26, 2011 11:37 pm","modified":"Actualizado el febrero 26, 2023 10:11 pm"},"featured_img_caption":"","featured_img":false,"series_order":"","_links":{"self":[{"href":"https:\/\/www.jacobsoft.com.mx\/es_mx\/wp-json\/wp\/v2\/pages\/11","targetHints":{"allow":["GET"]}}],"collection":[{"href":"https:\/\/www.jacobsoft.com.mx\/es_mx\/wp-json\/wp\/v2\/pages"}],"about":[{"href":"https:\/\/www.jacobsoft.com.mx\/es_mx\/wp-json\/wp\/v2\/types\/page"}],"author":[{"embeddable":true,"href":"https:\/\/www.jacobsoft.com.mx\/es_mx\/wp-json\/wp\/v2\/users\/3"}],"replies":[{"embeddable":true,"href":"https:\/\/www.jacobsoft.com.mx\/es_mx\/wp-json\/wp\/v2\/comments?post=11"}],"version-history":[{"count":31,"href":"https:\/\/www.jacobsoft.com.mx\/es_mx\/wp-json\/wp\/v2\/pages\/11\/revisions"}],"predecessor-version":[{"id":1897,"href":"https:\/\/www.jacobsoft.com.mx\/es_mx\/wp-json\/wp\/v2\/pages\/11\/revisions\/1897"}],"wp:attachment":[{"href":"https:\/\/www.jacobsoft.com.mx\/es_mx\/wp-json\/wp\/v2\/media?parent=11"}],"curies":[{"name":"wp","href":"https:\/\/api.w.org\/{rel}","templated":true}]}}