{"id":1227,"date":"2019-06-25T12:30:52","date_gmt":"2019-06-25T18:30:52","guid":{"rendered":"http:\/\/www.jacobsoft.com.mx\/?page_id=1227"},"modified":"2023-02-26T21:42:40","modified_gmt":"2023-02-27T03:42:40","slug":"curso-desarrollo-de-aplicaciones-web","status":"publish","type":"page","link":"https:\/\/www.jacobsoft.com.mx\/es_mx\/cursos\/curso-desarrollo-de-aplicaciones-web\/","title":{"rendered":"Curso Desarrollo de Aplicaciones Web"},"content":{"rendered":"\n<div class=\"wp-block-columns has-3-columns alert is-layout-flex wp-container-core-columns-is-layout-9d6595d7 wp-block-columns-is-layout-flex\">\n<div class=\"wp-block-column is-layout-flow wp-block-column-is-layout-flow\">\n<p class=\"blue-background has-medium-font-size\"><strong>INICIO<\/strong><br>Agosto 3, 2019<br>8 S\u00e1bados de 8:00 a 13:00<\/p>\n<\/div>\n\n\n\n<div class=\"wp-block-column is-layout-flow wp-block-column-is-layout-flow\">\n<p class=\"blue-background has-medium-font-size\"><strong>DURACI\u00d3N<\/strong><br>2 meses presencial<br>5 horas por semana<\/p>\n<\/div>\n\n\n\n<div class=\"wp-block-column is-layout-flow wp-block-column-is-layout-flow\">\n<p class=\"blue-background has-medium-font-size\"><strong>CUOTA<\/strong><br>$3,500.00 MXM<br>Varias formas de pago<\/p>\n<\/div>\n<\/div>\n\n\n\n<h2 class=\"wp-block-heading\">Desarrollo de Aplicaciones Web<\/h2>\n\n\n\n<p class=\"has-very-dark-gray-color has-text-color\" style=\"font-size:24px\">Aprende a desarrollar aplicaciones web desde cero utilizando las principales tecnolog\u00edas de \u00faltima generaci\u00f3n para crear soluciones profesionales. Especial\u00edzate en el desarrollo de soluciones para la nube, aplicaciones web empresariales. Crea la aplicaci\u00f3n web para tu propia start up y convi\u00e9rtete en un desarrollador experto en web utilizando HTML5, CSS3, Javascript, Bootstrap, jQuery, PhP y MySQL.<\/p>\n\n\n\n<div class=\"wp-block-columns has-3-columns is-layout-flex wp-container-core-columns-is-layout-9d6595d7 wp-block-columns-is-layout-flex\">\n<div class=\"wp-block-column is-layout-flow wp-block-column-is-layout-flow\">\n<div class=\"wp-block-image\"><figure class=\"aligncenter is-resized\"><img loading=\"lazy\" decoding=\"async\" src=\"https:\/\/www.jacobsoft.com.mx\/wp-content\/uploads\/2019\/04\/html5.png\" alt=\"\" class=\"wp-image-1239\" width=\"100\" height=\"141\" srcset=\"https:\/\/www.jacobsoft.com.mx\/wp-content\/uploads\/2019\/04\/html5.png 364w, https:\/\/www.jacobsoft.com.mx\/wp-content\/uploads\/2019\/04\/html5-213x300.png 213w, https:\/\/www.jacobsoft.com.mx\/wp-content\/uploads\/2019\/04\/html5-43x60.png 43w\" sizes=\"auto, (max-width: 100px) 100vw, 100px\" \/><\/figure><\/div>\n<\/div>\n\n\n\n<div class=\"wp-block-column is-layout-flow wp-block-column-is-layout-flow\">\n<div class=\"wp-block-image\"><figure class=\"aligncenter is-resized\"><img loading=\"lazy\" decoding=\"async\" src=\"https:\/\/www.jacobsoft.com.mx\/wp-content\/uploads\/2019\/04\/css3.png\" alt=\"\" class=\"wp-image-1238\" width=\"101\" height=\"140\"\/><\/figure><\/div>\n<\/div>\n\n\n\n<div class=\"wp-block-column is-layout-flow wp-block-column-is-layout-flow\">\n<div class=\"wp-block-image\"><figure class=\"aligncenter is-resized\"><img loading=\"lazy\" decoding=\"async\" src=\"https:\/\/www.jacobsoft.com.mx\/wp-content\/uploads\/2019\/04\/js.png\" alt=\"\" class=\"wp-image-1240\" width=\"102\" height=\"145\" srcset=\"https:\/\/www.jacobsoft.com.mx\/wp-content\/uploads\/2019\/04\/js.png 183w, https:\/\/www.jacobsoft.com.mx\/wp-content\/uploads\/2019\/04\/js-42x60.png 42w\" sizes=\"auto, (max-width: 102px) 100vw, 102px\" \/><\/figure><\/div>\n<\/div>\n<\/div>\n\n\n\n<div class=\"wp-block-columns has-3-columns is-layout-flex wp-container-core-columns-is-layout-9d6595d7 wp-block-columns-is-layout-flex\">\n<div class=\"wp-block-column is-layout-flow wp-block-column-is-layout-flow\">\n<div class=\"wp-block-image\"><figure class=\"aligncenter is-resized\"><img loading=\"lazy\" decoding=\"async\" src=\"https:\/\/www.jacobsoft.com.mx\/wp-content\/uploads\/2019\/04\/Bootstrap-Logo.png\" alt=\"\" class=\"wp-image-1241\" width=\"129\" height=\"90\" srcset=\"https:\/\/www.jacobsoft.com.mx\/wp-content\/uploads\/2019\/04\/Bootstrap-Logo.png 394w, https:\/\/www.jacobsoft.com.mx\/wp-content\/uploads\/2019\/04\/Bootstrap-Logo-300x209.png 300w, https:\/\/www.jacobsoft.com.mx\/wp-content\/uploads\/2019\/04\/Bootstrap-Logo-86x60.png 86w, https:\/\/www.jacobsoft.com.mx\/wp-content\/uploads\/2019\/04\/Bootstrap-Logo-390x274.png 390w\" sizes=\"auto, (max-width: 129px) 100vw, 129px\" \/><\/figure><\/div>\n<\/div>\n\n\n\n<div class=\"wp-block-column is-layout-flow wp-block-column-is-layout-flow\">\n<div class=\"wp-block-image\"><figure class=\"aligncenter is-resized\"><img loading=\"lazy\" decoding=\"async\" src=\"https:\/\/www.jacobsoft.com.mx\/wp-content\/uploads\/2019\/04\/JQuery_logo-512.png\" alt=\"\" class=\"wp-image-1242\" width=\"113\" height=\"113\" srcset=\"https:\/\/www.jacobsoft.com.mx\/wp-content\/uploads\/2019\/04\/JQuery_logo-512.png 512w, https:\/\/www.jacobsoft.com.mx\/wp-content\/uploads\/2019\/04\/JQuery_logo-512-150x150.png 150w, https:\/\/www.jacobsoft.com.mx\/wp-content\/uploads\/2019\/04\/JQuery_logo-512-300x300.png 300w, https:\/\/www.jacobsoft.com.mx\/wp-content\/uploads\/2019\/04\/JQuery_logo-512-60x60.png 60w\" sizes=\"auto, (max-width: 113px) 100vw, 113px\" \/><\/figure><\/div>\n<\/div>\n\n\n\n<div class=\"wp-block-column is-layout-flow wp-block-column-is-layout-flow\">\n<div class=\"wp-block-image\"><figure class=\"aligncenter is-resized\"><img loading=\"lazy\" decoding=\"async\" src=\"https:\/\/www.jacobsoft.com.mx\/wp-content\/uploads\/2019\/04\/php-mysql-portada.png\" alt=\"\" class=\"wp-image-1244\" width=\"141\" height=\"85\" srcset=\"https:\/\/www.jacobsoft.com.mx\/wp-content\/uploads\/2019\/04\/php-mysql-portada.png 665w, https:\/\/www.jacobsoft.com.mx\/wp-content\/uploads\/2019\/04\/php-mysql-portada-300x183.png 300w, https:\/\/www.jacobsoft.com.mx\/wp-content\/uploads\/2019\/04\/php-mysql-portada-99x60.png 99w\" sizes=\"auto, (max-width: 141px) 100vw, 141px\" \/><\/figure><\/div>\n<\/div>\n<\/div>\n\n\n\n<div style=\"text-align:center\" class=\"wp-block-genesis-blocks-gb-cta gb-block-cta\"><div class=\"gb-cta-content\"><h2 class=\"gb-cta-title gb-font-size-32\" style=\"color:#32373c\"><\/h2><div class=\"gb-cta-text gb-font-size-32\" style=\"color:#32373c\"><\/div><\/div><div class=\"gb-cta-button\"><a href=\"..\/registro-curso-desarrollo-web\" target=\"_self\" rel=\"noopener noreferrer\" class=\"gb-button gb-button-shape-rounded gb-button-size-medium\" style=\"color:#ffffff;background-color:#3373dc\">Deseo m\u00e1s informaci\u00f3n<\/a><\/div><\/div>\n\n\n\n<h3 class=\"wp-block-heading\">Objetivo<\/h3>\n\n\n\n<p class=\"has-very-dark-gray-color has-text-color\" style=\"font-size:23px\">El curso tiene la finalidad de introducir a los participantes en el desarrollo de aplicaciones web utilizando herramientas y plataformas de uso com\u00fan para el desarrollo profesional con HTML5, CSS3, Javascript, PHP y MySQL.<\/p>\n\n\n\n<h3 class=\"wp-block-heading\">T\u00f3picos<\/h3>\n\n\n\n<div class=\"wp-block-columns has-2-columns is-layout-flex wp-container-core-columns-is-layout-9d6595d7 wp-block-columns-is-layout-flex\">\n<div class=\"wp-block-column is-layout-flow wp-block-column-is-layout-flow\">\n<ul class=\"medium-font-size has-text-color has-very-dark-gray-color wp-block-list\"><li><strong>M\u00f3dulo 1:<\/strong> Introducci\u00f3n al HTML5<\/li><li><strong>M\u00f3dulo 2:<\/strong> Hojas de estilo con CSS3<\/li><li><strong>M\u00f3dulo 3:<\/strong> Javascript<\/li><li><strong>M\u00f3dulo 4:<\/strong> Bootstrap<\/li><\/ul>\n<\/div>\n\n\n\n<div class=\"wp-block-column is-layout-flow wp-block-column-is-layout-flow\">\n<ul class=\"medium-font-size has-text-color has-very-dark-gray-color wp-block-list\"><li><strong>M\u00f3dulo 5:<\/strong> jQuery<\/li><li><strong>M\u00f3dulo 6:<\/strong> Lenguaje de programaci\u00f3n PHP<\/li><li><strong>M\u00f3dulo 7:<\/strong> Bases de datos con MySQL<\/li><li><strong>M\u00f3dulo 8:<\/strong> Proyecto final<\/li><\/ul>\n<\/div>\n<\/div>\n\n\n\n<p class=\"has-very-dark-gray-color has-text-color\" style=\"font-size:23px\">Con una duraci\u00f3n total de 40 horas te\u00f3rico-pr\u00e1cticas para lograr asimilar cada uno de los temas y las tecnolog\u00edas m\u00e1s utilizadas para el desarrollo web.<\/p>\n\n\n\n<div style=\"text-align:center\" class=\"wp-block-genesis-blocks-gb-cta gb-block-cta\"><div class=\"gb-cta-content\"><h2 class=\"gb-cta-title gb-font-size-32\" style=\"color:#32373c\"><\/h2><div class=\"gb-cta-text gb-font-size-32\" style=\"color:#32373c\"><\/div><\/div><div class=\"gb-cta-button\"><a href=\"..\/registro-curso-desarrollo-web\" target=\"_self\" rel=\"noopener noreferrer\" class=\"gb-button gb-button-shape-rounded gb-button-size-medium\" style=\"color:#ffffff;background-color:#3373dc\">Deseo registrarme<\/a><\/div><\/div>\n\n\n\n<figure class=\"wp-block-embed is-type-rich is-provider-gestor-del-servicio wp-block-embed-gestor-del-servicio wp-embed-aspect-16-9 wp-has-aspect-ratio\"><div class=\"wp-block-embed__wrapper\">\nhttps:\/\/youtu.be\/e16snAqdq8s\n<\/div><\/figure>\n\n\n\n<h2 class=\"wp-block-heading\">M\u00e9todo de aprendizaje<\/h2>\n\n\n\n<p class=\"has-very-dark-gray-color has-text-color\" style=\"font-size:23px\">El m\u00e9todo de aprendizaje est\u00e1 basado en el modelo 2PL &#8211; Pr\u00e1cticas, Proyectos y Lecturas que garantizan la asimilaci\u00f3n de las t\u00e9cnicas y herramientas.<\/p>\n\n\n\n<h3 class=\"wp-block-heading\">Duraci\u00f3n<\/h3>\n\n\n\n<p class=\"has-medium-font-size\">40 Horas te\u00f3rico &#8211; pr\u00e1cticas<br>8 S\u00e1bados de 8:00 a 13:00<br><strong>Modalidad:<\/strong> Presencial o En L\u00ednea<br><strong>Fecha de Inicio para Modalidad Presencial:<\/strong>  3 de Agosto de 2019<\/p>\n\n\n\n<div style=\"text-align:center\" class=\"wp-block-genesis-blocks-gb-cta gb-block-cta\"><div class=\"gb-cta-content\"><h2 class=\"gb-cta-title gb-font-size-32\" style=\"color:#32373c\"><\/h2><div class=\"gb-cta-text gb-font-size-32\" style=\"color:#32373c\"><\/div><\/div><div class=\"gb-cta-button\"><a href=\"..\/registro-curso-desarrollo-web\" target=\"_self\" rel=\"noopener noreferrer\" class=\"gb-button gb-button-shape-rounded gb-button-size-medium\" style=\"color:#ffffff;background-color:#3373dc\">Aplicar<\/a><\/div><\/div>\n","protected":false},"excerpt":{"rendered":"<p>INICIOAgosto 3, 20198 S\u00e1bados de 8:00 a 13:00 DURACI\u00d3N2 meses presencial5 horas por semana CUOTA$3,500.00 &hellip; <\/p>\n","protected":false},"author":2,"featured_media":1246,"parent":76,"menu_order":0,"comment_status":"closed","ping_status":"closed","template":"","meta":{"advgb_blocks_editor_width":"","advgb_blocks_columns_visual_guide":"","_monsterinsights_skip_tracking":false,"_monsterinsights_sitenote_active":false,"_monsterinsights_sitenote_note":"","_monsterinsights_sitenote_category":0,"_uf_show_specific_survey":0,"_uf_disable_surveys":false,"footnotes":""},"class_list":["post-1227","page","type-page","status-publish","has-post-thumbnail","hentry"],"aioseo_notices":[],"featured_image_src":"https:\/\/www.jacobsoft.com.mx\/wp-content\/uploads\/2019\/04\/campaign-creators-1167000-unsplash_large.jpg","featured_image_src_square":"https:\/\/www.jacobsoft.com.mx\/wp-content\/uploads\/2019\/04\/campaign-creators-1167000-unsplash_large.jpg","coauthors":[],"author_meta":{"author_link":"https:\/\/www.jacobsoft.com.mx\/es_mx\/author\/jacob-avila\/","display_name":"Jacob Avila Camacho"},"relative_dates":{"created":"Publicado 7 a\u00f1os hace","modified":"Actualizado 3 a\u00f1os hace"},"absolute_dates":{"created":"Publicado el junio 25, 2019","modified":"Actualizado el febrero 26, 2023"},"absolute_dates_time":{"created":"Publicado el junio 25, 2019 12:30 pm","modified":"Actualizado el febrero 26, 2023 9:42 pm"},"featured_img_caption":"","featured_img":"https:\/\/www.jacobsoft.com.mx\/wp-content\/uploads\/2019\/04\/campaign-creators-1167000-unsplash_large.jpg","series_order":"","_links":{"self":[{"href":"https:\/\/www.jacobsoft.com.mx\/es_mx\/wp-json\/wp\/v2\/pages\/1227","targetHints":{"allow":["GET"]}}],"collection":[{"href":"https:\/\/www.jacobsoft.com.mx\/es_mx\/wp-json\/wp\/v2\/pages"}],"about":[{"href":"https:\/\/www.jacobsoft.com.mx\/es_mx\/wp-json\/wp\/v2\/types\/page"}],"author":[{"embeddable":true,"href":"https:\/\/www.jacobsoft.com.mx\/es_mx\/wp-json\/wp\/v2\/users\/2"}],"replies":[{"embeddable":true,"href":"https:\/\/www.jacobsoft.com.mx\/es_mx\/wp-json\/wp\/v2\/comments?post=1227"}],"version-history":[{"count":66,"href":"https:\/\/www.jacobsoft.com.mx\/es_mx\/wp-json\/wp\/v2\/pages\/1227\/revisions"}],"predecessor-version":[{"id":1891,"href":"https:\/\/www.jacobsoft.com.mx\/es_mx\/wp-json\/wp\/v2\/pages\/1227\/revisions\/1891"}],"up":[{"embeddable":true,"href":"https:\/\/www.jacobsoft.com.mx\/es_mx\/wp-json\/wp\/v2\/pages\/76"}],"wp:featuredmedia":[{"embeddable":true,"href":"https:\/\/www.jacobsoft.com.mx\/es_mx\/wp-json\/wp\/v2\/media\/1246"}],"wp:attachment":[{"href":"https:\/\/www.jacobsoft.com.mx\/es_mx\/wp-json\/wp\/v2\/media?parent=1227"}],"curies":[{"name":"wp","href":"https:\/\/api.w.org\/{rel}","templated":true}]}}