{"id":16,"date":"2011-06-26T23:51:13","date_gmt":"2011-06-27T04:51:13","guid":{"rendered":"https:\/\/jacobsoft.com.mx\/?page_id=16"},"modified":"2023-02-26T22:09:37","modified_gmt":"2023-02-27T04:09:37","slug":"recursos","status":"publish","type":"page","link":"https:\/\/www.jacobsoft.com.mx\/es_mx\/recursos\/","title":{"rendered":"Recursos"},"content":{"rendered":"\n<h2 class=\"wp-block-heading\">Los recursos recomendados<\/h2>\n\n\n\n<p>Estos son algunos de los recursos que he utilizado o recomiendo en el desarrollo de mis actividades de consultor\u00eda, capacitaci\u00f3n y desarrollo tecnol\u00f3gico:<\/p>\n\n\n\n<figure class=\"wp-block-pullquote\"><blockquote><p>Cursos en L\u00ednea<\/p><\/blockquote><\/figure>\n\n\n\n<div class=\"wp-block-columns has-3-columns is-layout-flex wp-container-core-columns-is-layout-9d6595d7 wp-block-columns-is-layout-flex\">\n<div class=\"wp-block-column is-layout-flow wp-block-column-is-layout-flow\">\n<h4 class=\"wp-block-heading\">Programaci\u00f3n<\/h4>\n\n\n\n<p><a href=\"https:\/\/www.udemy.com\/share\/10014WA0oTd1xUTX4=\/\" target=\"_blank\" rel=\"noreferrer noopener\" aria-label=\"Curso b\u00e1sico de Python de las bases hasta DJango (opens in a new tab)\">Curso b\u00e1sico de Python de las bases hasta DJango<\/a><\/p>\n\n\n\n<p><a href=\"https:\/\/click.linksynergy.com\/fs-bin\/click?id=cTjR400Zjac&amp;offerid=347188.10000637&amp;type=3&amp;subid=0\" target=\"_blank\" rel=\"noreferrer noopener\" aria-label=\"Programaci\u00f3n en Java (opens in a new tab)\">Programaci\u00f3n en Java<\/a><\/p>\n\n\n\n<p><a href=\"https:\/\/click.linksynergy.com\/fs-bin\/click?id=cTjR400Zjac&amp;offerid=347188.10000499&amp;type=3&amp;subid=0\" target=\"_blank\" rel=\"noreferrer noopener\" aria-label=\"Instroducci\u00f3n a PHP y MySQL (opens in a new tab)\">Instroducci\u00f3n a PHP y MySQL<\/a><\/p>\n\n\n\n<p><a href=\"https:\/\/click.linksynergy.com\/fs-bin\/click?id=cTjR400Zjac&amp;offerid=347188.10000500&amp;type=3&amp;subid=0\" target=\"_blank\" rel=\"noreferrer noopener\" aria-label=\"Instroducci\u00f3n a la Programaci\u00f3n (opens in a new tab)\">Instroducci\u00f3n a la Programaci\u00f3n<\/a><\/p>\n\n\n\n<p><a href=\"https:\/\/click.linksynergy.com\/fs-bin\/click?id=cTjR400Zjac&amp;offerid=347188.10000502&amp;type=3&amp;subid=0\" target=\"_blank\" rel=\"noreferrer noopener\" aria-label=\"Introducci\u00f3n a Python 3.0 (opens in a new tab)\">Introducci\u00f3n a Python 3.0<\/a><\/p>\n\n\n\n<p><a href=\"https:\/\/click.linksynergy.com\/fs-bin\/click?id=cTjR400Zjac&amp;offerid=347188.10000506&amp;type=3&amp;subid=0\" target=\"_blank\" rel=\"noreferrer noopener\" aria-label=\"Instroducci\u00f3n a SQL (opens in a new tab)\">Instroducci\u00f3n a SQL<\/a><\/p>\n\n\n\n<p><a href=\"https:\/\/click.linksynergy.com\/fs-bin\/click?id=cTjR400Zjac&amp;offerid=347188.10000426&amp;type=3&amp;subid=0\" target=\"_blank\" rel=\"noreferrer noopener\" aria-label=\"Dise\u00f1o efectivo de sitios web (opens in a new tab)\">Dise\u00f1o efectivo de sitios web<\/a><\/p>\n\n\n\n<p><a href=\"https:\/\/click.linksynergy.com\/fs-bin\/click?id=cTjR400Zjac&amp;offerid=347188.10000457&amp;type=3&amp;subid=0\" target=\"_blank\" rel=\"noreferrer noopener\" aria-label=\"Curso Intermedio de Programaci\u00f3n en Java (opens in a new tab)\">Curso Intermedio de Programaci\u00f3n en Java<\/a><\/p>\n\n\n\n<p><a href=\"https:\/\/click.linksynergy.com\/fs-bin\/click?id=cTjR400Zjac&amp;offerid=347188.10000464&amp;type=3&amp;subid=0\" target=\"_blank\" rel=\"noreferrer noopener\" aria-label=\"Curso Intermedio de PHP y MySQL (opens in a new tab)\">Curso Intermedio de PHP y MySQL<\/a><\/p>\n\n\n\n<p><a href=\"https:\/\/click.linksynergy.com\/fs-bin\/click?id=cTjR400Zjac&amp;offerid=347188.10000386&amp;type=3&amp;subid=0\" target=\"_blank\" rel=\"noreferrer noopener\" aria-label=\"Creaci\u00f3n de contenido Web efectivo (opens in a new tab)\">Creaci\u00f3n de contenido Web efectivo<\/a><\/p>\n\n\n\n<p><\/p>\n<\/div>\n\n\n\n<div class=\"wp-block-column is-layout-flow wp-block-column-is-layout-flow\">\n<h4 class=\"wp-block-heading\">Machine Learning<\/h4>\n\n\n\n<p><a href=\"https:\/\/click.linksynergy.com\/fs-bin\/click?id=cTjR400Zjac&amp;offerid=347188.10000471&amp;type=3&amp;subid=0\" target=\"_blank\" rel=\"noreferrer noopener\" aria-label=\"Introducci\u00f3n al Business Analysis (opens in a new tab)\">Introducci\u00f3n al Business Analysis<\/a><\/p>\n\n\n\n<p><a href=\"https:\/\/click.linksynergy.com\/fs-bin\/click?id=cTjR400Zjac&amp;offerid=621876.30&amp;type=3&amp;subid=0\" target=\"_blank\" rel=\"noreferrer noopener\" aria-label=\"Introducci\u00f3n al Data Science (opens in a new tab)\">Introducci\u00f3n al Data Science<\/a><\/p>\n\n\n\n<p><a href=\"https:\/\/click.linksynergy.com\/fs-bin\/click?id=cTjR400Zjac&amp;offerid=621876.5&amp;type=3&amp;subid=0\" target=\"_blank\" rel=\"noreferrer noopener\" aria-label=\"Que es Data Science (opens in a new tab)\">Que es Data Science<\/a><\/p>\n\n\n\n<p><a href=\"https:\/\/click.linksynergy.com\/fs-bin\/click?id=cTjR400Zjac&amp;offerid=621876.12&amp;type=3&amp;subid=0\" target=\"_blank\" rel=\"noreferrer noopener\" aria-label=\"Convi\u00e9rtete en Cient\u00edfico de Datos (opens in a new tab)\">Convi\u00e9rtete en Cient\u00edfico de Datos<\/a><\/p>\n\n\n\n<p><a href=\"https:\/\/click.linksynergy.com\/fs-bin\/click?id=cTjR400Zjac&amp;offerid=621876.13&amp;type=3&amp;subid=0\" target=\"_blank\" rel=\"noreferrer noopener\" aria-label=\"Curso Introductorio de Data Science (opens in a new tab)\">Curso Introductorio de Data Science<\/a><\/p>\n\n\n\n<p><a href=\"https:\/\/click.linksynergy.com\/fs-bin\/click?id=cTjR400Zjac&amp;offerid=621876.14&amp;type=3&amp;subid=0\" target=\"_blank\" rel=\"noreferrer noopener\" aria-label=\"Python para Ciencia de Datos (opens in a new tab)\">Python para Ciencia de Datos<\/a><\/p>\n\n\n\n<p><a href=\"https:\/\/click.linksynergy.com\/fs-bin\/click?id=cTjR400Zjac&amp;offerid=621876.16&amp;type=3&amp;subid=0\" target=\"_blank\" rel=\"noreferrer noopener\" aria-label=\"Curso completo de Business Analytics (opens in a new tab)\">Curso completo de Business Analytics<\/a><\/p>\n\n\n\n<p><a href=\"https:\/\/click.linksynergy.com\/fs-bin\/click?id=cTjR400Zjac&amp;offerid=621876.15&amp;subid=0&amp;type=4\" target=\"_blank\" rel=\"noreferrer noopener\" aria-label=\"Data Science Career Bootcamp (opens in a new tab)\">Data Science Career Bootcamp<\/a><\/p>\n\n\n\n<p><a href=\"https:\/\/click.linksynergy.com\/fs-bin\/click?id=cTjR400Zjac&amp;offerid=586002.3&amp;subid=0&amp;type=4\" target=\"_blank\" rel=\"noreferrer noopener\" aria-label=\"Experto en Bitcoin (opens in a new tab)\">Experto en Bitcoin<\/a><\/p>\n\n\n\n<p><a href=\"https:\/\/click.linksynergy.com\/fs-bin\/click?id=cTjR400Zjac&amp;offerid=586002.6&amp;type=3&amp;subid=0\" target=\"_blank\" rel=\"noreferrer noopener\" aria-label=\"Certificaci\u00f3n en Tecnolog\u00eda Blockchain (opens in a new tab)\">Certificaci\u00f3n en Tecnolog\u00eda Blockchain<\/a><\/p>\n\n\n\n<p><\/p>\n<\/div>\n\n\n\n<div class=\"wp-block-column is-layout-flow wp-block-column-is-layout-flow\">\n<h4 class=\"wp-block-heading\">Cloud Services<\/h4>\n\n\n\n<p><a href=\"https:\/\/click.linksynergy.com\/fs-bin\/click?id=cTjR400Zjac&amp;offerid=347188.10000384&amp;type=3&amp;subid=0\" target=\"_blank\" rel=\"noreferrer noopener\" aria-label=\"Entendiendo la nube (opens in a new tab)\">Entendiendo la nube<\/a><\/p>\n\n\n\n<p><a href=\"https:\/\/click.linksynergy.com\/fs-bin\/click?id=cTjR400Zjac&amp;offerid=584883.129&amp;subid=0&amp;type=4\" target=\"_blank\" rel=\"noreferrer noopener\" aria-label=\"Alibaba Cloud Server (opens in a new tab)\">Alibaba Cloud Server<\/a><\/p>\n\n\n\n<p><a rel=\"noreferrer noopener\" href=\"https:\/\/click.linksynergy.com\/fs-bin\/click?id=cTjR400Zjac&amp;offerid=584883.11&amp;type=3&amp;subid=0\" target=\"_blank\">Cursos variados de Cloud<\/a><\/p>\n\n\n\n<p><a rel=\"noreferrer noopener\" href=\"https:\/\/click.linksynergy.com\/fs-bin\/click?id=cTjR400Zjac&amp;offerid=579862.462&amp;type=3&amp;subid=0&amp;LSNSUBSITE=LSNSUBSITE\" target=\"_blank\">Azure Virtual Machine<\/a><\/p>\n\n\n\n<p><a rel=\"noreferrer noopener\" href=\"https:\/\/click.linksynergy.com\/fs-bin\/click?id=cTjR400Zjac&amp;offerid=579862.373&amp;type=3&amp;subid=0&amp;LSNSUBSITE=LSNSUBSITE\" target=\"_blank\">Soluciones AWS Arquitecto Certificado<\/a><\/p>\n\n\n\n<p><a rel=\"noreferrer noopener\" href=\"https:\/\/click.linksynergy.com\/fs-bin\/click?id=cTjR400Zjac&amp;offerid=584883.11&amp;subid=0&amp;type=4\" target=\"_blank\">Alibaba Network Enhance Cloud Server<\/a><\/p>\n\n\n\n<p><a rel=\"noreferrer noopener\" href=\"https:\/\/click.linksynergy.com\/fs-bin\/click?id=cTjR400Zjac&amp;offerid=579862.372&amp;type=3&amp;subid=0&amp;LSNSUBSITE=LSNSUBSITE\" target=\"_blank\">Certificaci\u00f3n Profesional AWS<\/a><\/p>\n\n\n\n<p><a href=\"https:\/\/click.linksynergy.com\/fs-bin\/click?id=cTjR400Zjac&amp;offerid=579862.373&amp;type=3&amp;subid=0&amp;LSNSUBSITE=LSNSUBSITE\" target=\"_blank\" rel=\"noreferrer noopener\">Certificaci\u00f3n Asociado AWS<\/a><\/p>\n<\/div>\n<\/div>\n\n\n\n<figure class=\"wp-block-pullquote\"><blockquote><p>Libros<\/p><\/blockquote><\/figure>\n\n\n\n<div class=\"wp-block-columns has-3-columns is-layout-flex wp-container-core-columns-is-layout-9d6595d7 wp-block-columns-is-layout-flex\">\n<div class=\"wp-block-column is-layout-flow wp-block-column-is-layout-flow\">\n<h4 class=\"wp-block-heading\">Machine Learning<\/h4>\n\n\n\n<iframe style=\"width:120px;height:240px;\" marginwidth=\"0\" marginheight=\"0\" scrolling=\"no\" frameborder=\"0\" src=\"\/\/ws-na.amazon-adsystem.com\/widgets\/q?ServiceVersion=20070822&amp;OneJS=1&amp;Operation=GetAdHtml&amp;MarketPlace=US&amp;source=ac&amp;ref=tf_til&amp;ad_type=product_link&amp;tracking_id=frontpage0e6-20&amp;marketplace=amazon&amp;region=US&amp;placement=B07335JNW1&amp;asins=B07335JNW1&amp;linkId=93eaaa90df64c3588f83807292326654&amp;show_border=true&amp;link_opens_in_new_window=true&amp;price_color=333333&amp;title_color=0066c0&amp;bg_color=ffffff\">\n    <\/iframe>\n\n\n<\/div>\n\n\n\n<div class=\"wp-block-column is-layout-flow wp-block-column-is-layout-flow\">\n<h4 class=\"wp-block-heading\">IoT<\/h4>\n\n\n\n<iframe style=\"width:120px;height:240px;\" marginwidth=\"0\" marginheight=\"0\" scrolling=\"no\" frameborder=\"0\" src=\"\/\/ws-na.amazon-adsystem.com\/widgets\/q?ServiceVersion=20070822&amp;OneJS=1&amp;Operation=GetAdHtml&amp;MarketPlace=US&amp;source=ac&amp;ref=tf_til&amp;ad_type=product_link&amp;tracking_id=frontpage0e6-20&amp;marketplace=amazon&amp;region=US&amp;placement=B00LOQR37C&amp;asins=B00LOQR37C&amp;linkId=c11a69686dd851232b38c600f2f13af7&amp;show_border=true&amp;link_opens_in_new_window=true&amp;price_color=333333&amp;title_color=0066c0&amp;bg_color=ffffff\">\n    <\/iframe>\n<\/div>\n\n\n\n<div class=\"wp-block-column is-layout-flow wp-block-column-is-layout-flow\">\n<h4 class=\"wp-block-heading\">Bases de Datos<\/h4>\n\n\n\n<iframe style=\"width:120px;height:240px;\" marginwidth=\"0\" marginheight=\"0\" scrolling=\"no\" frameborder=\"0\" src=\"\/\/ws-na.amazon-adsystem.com\/widgets\/q?ServiceVersion=20070822&amp;OneJS=1&amp;Operation=GetAdHtml&amp;MarketPlace=US&amp;source=ac&amp;ref=tf_til&amp;ad_type=product_link&amp;tracking_id=frontpage0e6-20&amp;marketplace=amazon&amp;region=US&amp;placement=0321884493&amp;asins=0321884493&amp;linkId=a5c0e1fa10ebea81f9824c08546007c1&amp;show_border=true&amp;link_opens_in_new_window=true&amp;price_color=333333&amp;title_color=0066c0&amp;bg_color=ffffff\">\n    <\/iframe>\n<\/div>\n<\/div>\n\n\n\n<figure class=\"wp-block-pullquote\"><blockquote><p>Marketing<\/p><\/blockquote><\/figure>\n\n\n\n<a href=\"https:\/\/marketinginyourcar.com\/go?affiliate_id=1443366&amp;cf_affiliate_id=1443366\" target=\"_blank\" rel=\"noopener noreferrer\"><img loading=\"lazy\" decoding=\"async\" src=\"\/\/marketinginyourcar.com\/hosted\/images\/1c\/b278b0dcf711e6bb50d54d25f22470\/mktincar.png\" width=\"320\" height=\"200\" class=\"affIMGURL\"><\/a>\n\n\n\n<div style=\"height:30px\" aria-hidden=\"true\" class=\"wp-block-spacer advgb-dyn-afe3be10\"><\/div>\n\n\n\n<figure class=\"wp-block-pullquote\"><blockquote><p>Paquetes de Hospedaje Web<\/p><\/blockquote><\/figure>\n\n\n\n<a href=\"https:\/\/click.linksynergy.com\/fs-bin\/click?id=cTjR400Zjac&amp;offerid=569128.32&amp;subid=0&amp;type=4\" target=\"_blank\" rel=\"noopener noreferrer\"><img decoding=\"async\" border=\"0\" alt=\"Shop UltraWebHosting.com Now!\" src=\"https:\/\/ad.linksynergy.com\/fs-bin\/show?id=cTjR400Zjac&amp;bids=569128.32&amp;subid=0&amp;type=4&amp;gridnum=0\"><\/a>\n\n\n\n<div style=\"height:40px\" aria-hidden=\"true\" class=\"wp-block-spacer advgb-dyn-db4b1242\"><\/div>\n\n\n\n<div style=\"height:40px\" aria-hidden=\"true\" class=\"wp-block-spacer advgb-dyn-db4b1242\"><\/div>\n\n\n\n<hr class=\"wp-block-separator has-css-opacity advgb-dyn-c3f4f0ad\"\/>\n\n\n\n<p><em>Disclosure: Some of the links are affiliate links,&nbsp;<strong>and at no additional cost to you&nbsp;<\/strong>I will earn a small commission if you decide to make a purchase. I recommend you only purchase these products if you believe they will help you achieve your specific goals.<\/em><\/p>\n","protected":false},"excerpt":{"rendered":"<p>Los recursos recomendados Estos son algunos de los recursos que he utilizado o recomiendo en &hellip; <\/p>\n","protected":false},"author":3,"featured_media":0,"parent":0,"menu_order":2,"comment_status":"open","ping_status":"closed","template":"","meta":{"advgb_blocks_editor_width":"","advgb_blocks_columns_visual_guide":"","_monsterinsights_skip_tracking":false,"_monsterinsights_sitenote_active":false,"_monsterinsights_sitenote_note":"","_monsterinsights_sitenote_category":0,"_uf_show_specific_survey":0,"_uf_disable_surveys":false,"footnotes":""},"class_list":["post-16","page","type-page","status-publish","hentry"],"aioseo_notices":[],"featured_image_src":null,"featured_image_src_square":null,"coauthors":[],"author_meta":{"author_link":"https:\/\/www.jacobsoft.com.mx\/es_mx\/author\/","display_name":""},"relative_dates":{"created":"Publicado 15 a\u00f1os hace","modified":"Actualizado 3 a\u00f1os hace"},"absolute_dates":{"created":"Publicado el junio 26, 2011","modified":"Actualizado el febrero 26, 2023"},"absolute_dates_time":{"created":"Publicado el junio 26, 2011 11:51 pm","modified":"Actualizado el febrero 26, 2023 10:09 pm"},"featured_img_caption":"","featured_img":false,"series_order":"","_links":{"self":[{"href":"https:\/\/www.jacobsoft.com.mx\/es_mx\/wp-json\/wp\/v2\/pages\/16","targetHints":{"allow":["GET"]}}],"collection":[{"href":"https:\/\/www.jacobsoft.com.mx\/es_mx\/wp-json\/wp\/v2\/pages"}],"about":[{"href":"https:\/\/www.jacobsoft.com.mx\/es_mx\/wp-json\/wp\/v2\/types\/page"}],"author":[{"embeddable":true,"href":"https:\/\/www.jacobsoft.com.mx\/es_mx\/wp-json\/wp\/v2\/users\/3"}],"replies":[{"embeddable":true,"href":"https:\/\/www.jacobsoft.com.mx\/es_mx\/wp-json\/wp\/v2\/comments?post=16"}],"version-history":[{"count":31,"href":"https:\/\/www.jacobsoft.com.mx\/es_mx\/wp-json\/wp\/v2\/pages\/16\/revisions"}],"predecessor-version":[{"id":1896,"href":"https:\/\/www.jacobsoft.com.mx\/es_mx\/wp-json\/wp\/v2\/pages\/16\/revisions\/1896"}],"wp:attachment":[{"href":"https:\/\/www.jacobsoft.com.mx\/es_mx\/wp-json\/wp\/v2\/media?parent=16"}],"curies":[{"name":"wp","href":"https:\/\/api.w.org\/{rel}","templated":true}]}}