{"id":21,"date":"2011-06-26T23:51:46","date_gmt":"2011-06-27T04:51:46","guid":{"rendered":"https:\/\/jacobsoft.com.mx\/?page_id=21"},"modified":"2023-02-26T22:13:31","modified_gmt":"2023-02-27T04:13:31","slug":"acerca-de","status":"publish","type":"page","link":"https:\/\/www.jacobsoft.com.mx\/es_mx\/acerca-de\/","title":{"rendered":"Acerca de"},"content":{"rendered":"\n<p><img decoding=\"async\" class=\"wp-image-232\" style=\"width: 150px;\" src=\"https:\/\/www.jacobsoft.com.mx\/wp-content\/uploads\/2018\/08\/Yo.jpg\" alt=\"\" vspace=\"5\" hspace=\"10\" align=\"left\">Soy <strong><em>Jacob \u00c1vila Camacho<\/em><\/strong> fundador de  <strong>JacobSoft&nbsp;<\/strong>e <strong>Ihualia Software<\/strong>, sitio y empresa de tecnolog\u00eda. La idea de JacobSoft es compartir conocimientos y recursos de los principales temas acad\u00e9micos para inform\u00e1tica y sistemas computacionales, inteligencia artificial, Machine Learning, Internet de las Cosas ( IoT) y dem\u00e1s.<br><br>Adem\u00e1s de colaborar como profesor investigador en el Tecnol\u00f3gico de Estudios Superiores de Ecatepec, me dedico a la consultor\u00eda en tecnolog\u00eda y el desarrollo de software y me encargo de la tecnolog\u00eda para el marketing digital en Ihualia Software donde soy socio fundador. Tambi\u00e9n soy instructor de diversos <a href=\"https:\/\/www.jacobsoft.com.mx\/cursos\/\">cursos<\/a> relacionados con la tecnolog\u00eda.<\/p>\n\n\n\n<p>En lo que es la docencia y la investigaci\u00f3n imparto asignaturas de programaci\u00f3n en diversos lenguajes (Java, C, C#, php, javascript, python, etc.), fundamentos de bases de datos, dise\u00f1o de bases de datos y en posgrado imparto la materia de <strong>miner\u00eda de datos<\/strong> donde empleamos t\u00e9cnicas de machine learning. Al mismo tiempo desarrollo proyectos de investigaci\u00f3n con los que he publicado art\u00edculos en revistas nacionales e internacionales arbitradas, indexadas y JCR.<\/p>\n\n\n\n<p>Me puedes encontrar tambi\u00e9n en&nbsp;<a rel=\"noreferrer noopener\" href=\"https:\/\/www.researchgate.net\/profile\/Jacob_Avila\" target=\"_blank\">Research Gate<\/a>&nbsp;en donde comparto los art\u00edculos publicados y reportes de investigaci\u00f3n.<\/p>\n\n\n\n<p>My ORCID is:<\/p>\n\n\n\n<div itemscope=\"\" itemtype=\"https:\/\/schema.org\/Person\"><a itemprop=\"sameAs\" content=\"https:\/\/orcid.org\/0000-0002-0086-5827\" href=\"https:\/\/orcid.org\/0000-0002-0086-5827\" target=\"orcid.widget\" rel=\"noopener noreferrer\" style=\"vertical-align:top;\"><img decoding=\"async\" src=\"https:\/\/orcid.org\/sites\/default\/files\/images\/orcid_16x16.png\" style=\"width:1em;margin-right:.5em;\" alt=\"ORCID iD icon\">https:\/\/orcid.org\/0000-0002-0086-5827<\/a><\/div>\n\n\n\n<p>Si deseas hacer alguna consulta o sugerencia puedes usar el siguiente formulario:<\/p>\n\n\n\n<div class=\"wpcf7 no-js\" id=\"wpcf7-f852-o1\" lang=\"es-MX\" dir=\"ltr\" data-wpcf7-id=\"852\">\n<div class=\"screen-reader-response\"><p role=\"status\" aria-live=\"polite\" aria-atomic=\"true\"><\/p> <ul><\/ul><\/div>\n<form action=\"\/es_mx\/wp-json\/wp\/v2\/pages\/21#wpcf7-f852-o1\" method=\"post\" class=\"wpcf7-form init\" aria-label=\"Formulario de contacto\" novalidate=\"novalidate\" data-status=\"init\">\n<fieldset class=\"hidden-fields-container\"><input type=\"hidden\" name=\"_wpcf7\" value=\"852\" \/><input type=\"hidden\" name=\"_wpcf7_version\" value=\"6.1.2\" \/><input type=\"hidden\" name=\"_wpcf7_locale\" value=\"es_MX\" \/><input type=\"hidden\" name=\"_wpcf7_unit_tag\" value=\"wpcf7-f852-o1\" \/><input type=\"hidden\" name=\"_wpcf7_container_post\" value=\"0\" \/><input type=\"hidden\" name=\"_wpcf7_posted_data_hash\" value=\"\" \/><input type=\"hidden\" name=\"_wpcf7_recaptcha_response\" value=\"\" \/>\n<\/fieldset>\n<p><label> Tu Nombre (requerido)<br \/>\n<span class=\"wpcf7-form-control-wrap\" data-name=\"your-name\"><input size=\"40\" maxlength=\"400\" class=\"wpcf7-form-control wpcf7-text wpcf7-validates-as-required\" aria-required=\"true\" aria-invalid=\"false\" value=\"\" type=\"text\" name=\"your-name\" \/><\/span> <\/label>\n<\/p>\n<p><label> Tu correo electr\u00f3nico (requerido)<br \/>\n<span class=\"wpcf7-form-control-wrap\" data-name=\"your-email\"><input size=\"40\" maxlength=\"400\" class=\"wpcf7-form-control wpcf7-email wpcf7-validates-as-required wpcf7-text wpcf7-validates-as-email\" aria-required=\"true\" aria-invalid=\"false\" value=\"\" type=\"email\" name=\"your-email\" \/><\/span> <\/label>\n<\/p>\n<p><label> Asunto<br \/>\n<span class=\"wpcf7-form-control-wrap\" data-name=\"your-subject\"><input size=\"40\" maxlength=\"400\" class=\"wpcf7-form-control wpcf7-text\" aria-invalid=\"false\" value=\"\" type=\"text\" name=\"your-subject\" \/><\/span> <\/label>\n<\/p>\n<p><label> Tu Mensaje<br \/>\n<span class=\"wpcf7-form-control-wrap\" data-name=\"your-message\"><textarea cols=\"40\" rows=\"10\" maxlength=\"2000\" class=\"wpcf7-form-control wpcf7-textarea\" aria-invalid=\"false\" name=\"your-message\"><\/textarea><\/span> <\/label>\n<\/p>\n\n<p><input class=\"wpcf7-form-control wpcf7-submit has-spinner\" type=\"submit\" value=\"Enviar\" \/>\n<\/p><div class=\"wpcf7-response-output\" aria-hidden=\"true\"><\/div>\n<\/form>\n<\/div>\n\n\n\n\n<hr class=\"wp-block-separator has-css-opacity advgb-dyn-c3f4f0ad\"\/>\n\n\n\n<div style=\"height:50px\" aria-hidden=\"true\" class=\"wp-block-spacer advgb-dyn-a1f5334f\"><\/div>\n\n\n\n<hr class=\"wp-block-separator has-css-opacity advgb-dyn-c3f4f0ad\"\/>\n\n\n\n<div id=\"amzn-assoc-ad-eeed538b-d6e2-4233-ac92-c9505f45495c\"><\/div><script async=\"\" src=\"\/\/z-na.amazon-adsystem.com\/widgets\/onejs?MarketPlace=US&amp;adInstanceId=eeed538b-d6e2-4233-ac92-c9505f45495c\"><\/script>\n","protected":false},"excerpt":{"rendered":"<p>Soy Jacob \u00c1vila Camacho fundador de JacobSoft&nbsp;e Ihualia Software, sitio y empresa de tecnolog\u00eda. La &hellip; <\/p>\n","protected":false},"author":3,"featured_media":1209,"parent":0,"menu_order":5,"comment_status":"closed","ping_status":"closed","template":"","meta":{"advgb_blocks_editor_width":"","advgb_blocks_columns_visual_guide":"","_monsterinsights_skip_tracking":false,"_monsterinsights_sitenote_active":false,"_monsterinsights_sitenote_note":"","_monsterinsights_sitenote_category":0,"_uf_show_specific_survey":0,"_uf_disable_surveys":false,"footnotes":""},"class_list":["post-21","page","type-page","status-publish","has-post-thumbnail","hentry"],"aioseo_notices":[],"featured_image_src":"https:\/\/www.jacobsoft.com.mx\/wp-content\/uploads\/2019\/02\/JacobSoft_Final.png","featured_image_src_square":"https:\/\/www.jacobsoft.com.mx\/wp-content\/uploads\/2019\/02\/JacobSoft_Final.png","coauthors":[],"author_meta":{"author_link":"https:\/\/www.jacobsoft.com.mx\/es_mx\/author\/","display_name":""},"relative_dates":{"created":"Publicado 15 a\u00f1os hace","modified":"Actualizado 3 a\u00f1os hace"},"absolute_dates":{"created":"Publicado el junio 26, 2011","modified":"Actualizado el febrero 26, 2023"},"absolute_dates_time":{"created":"Publicado el junio 26, 2011 11:51 pm","modified":"Actualizado el febrero 26, 2023 10:13 pm"},"featured_img_caption":"","featured_img":"https:\/\/www.jacobsoft.com.mx\/wp-content\/uploads\/2019\/02\/JacobSoft_Final.png","series_order":"","_links":{"self":[{"href":"https:\/\/www.jacobsoft.com.mx\/es_mx\/wp-json\/wp\/v2\/pages\/21","targetHints":{"allow":["GET"]}}],"collection":[{"href":"https:\/\/www.jacobsoft.com.mx\/es_mx\/wp-json\/wp\/v2\/pages"}],"about":[{"href":"https:\/\/www.jacobsoft.com.mx\/es_mx\/wp-json\/wp\/v2\/types\/page"}],"author":[{"embeddable":true,"href":"https:\/\/www.jacobsoft.com.mx\/es_mx\/wp-json\/wp\/v2\/users\/3"}],"replies":[{"embeddable":true,"href":"https:\/\/www.jacobsoft.com.mx\/es_mx\/wp-json\/wp\/v2\/comments?post=21"}],"version-history":[{"count":24,"href":"https:\/\/www.jacobsoft.com.mx\/es_mx\/wp-json\/wp\/v2\/pages\/21\/revisions"}],"predecessor-version":[{"id":1900,"href":"https:\/\/www.jacobsoft.com.mx\/es_mx\/wp-json\/wp\/v2\/pages\/21\/revisions\/1900"}],"wp:featuredmedia":[{"embeddable":true,"href":"https:\/\/www.jacobsoft.com.mx\/es_mx\/wp-json\/wp\/v2\/media\/1209"}],"wp:attachment":[{"href":"https:\/\/www.jacobsoft.com.mx\/es_mx\/wp-json\/wp\/v2\/media?parent=21"}],"curies":[{"name":"wp","href":"https:\/\/api.w.org\/{rel}","templated":true}]}}