{"id":76,"date":"2013-02-14T02:36:47","date_gmt":"2013-02-14T07:36:47","guid":{"rendered":"https:\/\/jacobsoft.com.mx\/?page_id=76"},"modified":"2023-02-26T22:13:10","modified_gmt":"2023-02-27T04:13:10","slug":"cursos","status":"publish","type":"page","link":"https:\/\/www.jacobsoft.com.mx\/es_mx\/cursos\/","title":{"rendered":"Cursos"},"content":{"rendered":"\n<p class=\"has-medium-font-size\">Entrenamiento presencial y en l\u00ednea para lenguajes de programaci\u00f3n, bases de datos, seguridad inform\u00e1tica y ethical hacking, ciencia de datos, machine learning, miner\u00eda de datos, inteligencia de negocios, prototipado r\u00e1pido con arduino, rasberry pi y los diversos sensores y actuadores disponibles en el mercado.<\/p>\n\n\n\n<p class=\"has-medium-font-size\">Construye una carrera en tecnolog\u00edas de la informaci\u00f3n y comunicaciones, ciencias de la computaci\u00f3n y el internet de las cosas.<\/p>\n\n\n\n<a name=\"python_para_ciencia_de_datos\"><\/a>\n\n\n\n<ul class=\"wp-block-list\">\n<li>Fundamentos de programaci\u00f3n en Java<\/li>\n\n\n\n<li>Dise\u00f1o de bases de datos con SQL Server y MySQL<\/li>\n\n\n\n<li>Machine Learning<\/li>\n\n\n\n<li>Ethical Hacking<\/li>\n\n\n\n<li>Configuraci\u00f3n y puesta en marcha de servidores<\/li>\n\n\n\n<li><a href=\".\/curso-desarrollo-de-aplicaciones-web\"><strong>Desarrollo de Aplicaciones Web<\/strong><\/a><\/li>\n\n\n\n<li>Temas diversos con Arduino y Node MCU<\/li>\n\n\n\n<li>Temas diversos con Raspberry PI<\/li>\n<\/ul>\n\n\n\n<hr class=\"wp-block-separator has-css-opacity advgb-dyn-c3f4f0ad\"\/>\n\n\n\n<p class=\"has-medium-font-size\">El Curso de <strong><a href=\".\/curso-desarrollo-de-aplicaciones-web\">Desarrollo de Aplicaciones Web<\/a><\/strong> esta pr\u00f3ximo a iniciar, para ver los detalles del curso da click <a href=\".\/curso-desarrollo-de-aplicaciones-web\"><strong>aqu\u00ed<\/strong><\/a><\/p>\n\n\n\n<p class=\"has-medium-font-size\">Dentro de los cursos presenciales m\u00e1s recientes contamos con:<\/p>\n\n\n\n<h3 class=\"wp-block-heading\">Python para Ciencia de Datos<\/h3>\n\n\n\n<p class=\"has-medium-font-size\">Hoy en d\u00eda las organizaciones est\u00e1n saturadas de datos e informaci\u00f3n que no han sido explotados al m\u00e1ximo con el fin de incrementar su productividad y lograr resultados sobresalientes.<\/p>\n\n\n\n<p class=\"has-medium-font-size\">Si los datos son tratados adecuadamente, pueden proporcionar una gran ventaja competitiva ya sea para reducir el desperdicio y aumentar los ingresos. La ciencia de datos es la ciencia de generar perspectivas y predicciones valiosas a partir de los datos. <\/p>\n\n\n\n<p class=\"has-medium-font-size\">Python es el lenguaje de programaci\u00f3n m\u00e1s com\u00fanmente utilizado para hacer ciencia de datos. <\/p>\n\n\n\n<p class=\"has-medium-font-size\">En este curso presencial de 5 d\u00edas se proporciona a los participantes una base s\u00f3lida para hacer ciencia de datos con Python y con ello lograr una ventaja competitiva y regresar a sus organizaciones para aplicar los conocimientos adquiridos y generar informaci\u00f3n a partir de datos de negocios.<\/p>\n\n\n\n<h4 class=\"wp-block-heading\">Metodolog\u00eda<\/h4>\n\n\n\n<p class=\"has-medium-font-size\">Los participantes ser\u00e1n guiados a trav\u00e9s de una serie de explicaciones te\u00f3ricas y ejercicios pr\u00e1cticos. <\/p>\n\n\n\n<p class=\"has-medium-font-size\">En cada etapa del curso, se trabajar\u00e1 y practicar\u00e1 la escritura de c\u00f3digo Python para realizar tareas de ciencia de datos. <\/p>\n\n\n\n<p class=\"has-medium-font-size\">Los participantes completar\u00e1n un proyecto de ciencia de datos de principio a fin por lo que obtendr\u00e1n la experiencia necesaria codificando ciencia de datos para llevar a sus organizaciones y desarrollar an\u00e1lisis personalizados.&nbsp;<\/p>\n\n\n\n<h4 class=\"wp-block-heading\">Competencias a desarrollar<\/h4>\n\n\n\n<ul class=\"wp-block-list\">\n<li>Limpieza de datos<\/li>\n\n\n\n<li>Visualizaci\u00f3n de datos<\/li>\n\n\n\n<li>An\u00e1lisis de datos<\/li>\n\n\n\n<li>Modelos predictivos<\/li>\n\n\n\n<li>Programaci\u00f3n en Python<\/li>\n<\/ul>\n\n\n\n<h4 class=\"wp-block-heading\">Horas de capacitaci\u00f3n<\/h4>\n\n\n\n<p class=\"has-medium-font-size\">25 horas en 5 d\u00edas<\/p>\n\n\n\n<h4 class=\"wp-block-heading\">Nivel<\/h4>\n\n\n\n<p class=\"has-medium-font-size\">B\u00e1sico + Intermedio<\/p>\n\n\n\n<hr class=\"wp-block-separator has-css-opacity advgb-dyn-c3f4f0ad\"\/>\n","protected":false},"excerpt":{"rendered":"<p>Entrenamiento presencial y en l\u00ednea para lenguajes de programaci\u00f3n, bases de datos, seguridad inform\u00e1tica y &hellip; <\/p>\n","protected":false},"author":3,"featured_media":0,"parent":0,"menu_order":4,"comment_status":"closed","ping_status":"closed","template":"","meta":{"advgb_blocks_editor_width":"","advgb_blocks_columns_visual_guide":"","_monsterinsights_skip_tracking":false,"_monsterinsights_sitenote_active":false,"_monsterinsights_sitenote_note":"","_monsterinsights_sitenote_category":0,"_uf_show_specific_survey":0,"_uf_disable_surveys":false,"footnotes":""},"class_list":["post-76","page","type-page","status-publish","hentry"],"aioseo_notices":[],"featured_image_src":null,"featured_image_src_square":null,"coauthors":[],"author_meta":{"author_link":"https:\/\/www.jacobsoft.com.mx\/es_mx\/author\/","display_name":""},"relative_dates":{"created":"Publicado 13 a\u00f1os hace","modified":"Actualizado 3 a\u00f1os hace"},"absolute_dates":{"created":"Publicado el febrero 14, 2013","modified":"Actualizado el febrero 26, 2023"},"absolute_dates_time":{"created":"Publicado el febrero 14, 2013 2:36 am","modified":"Actualizado el febrero 26, 2023 10:13 pm"},"featured_img_caption":"","featured_img":false,"series_order":"","_links":{"self":[{"href":"https:\/\/www.jacobsoft.com.mx\/es_mx\/wp-json\/wp\/v2\/pages\/76","targetHints":{"allow":["GET"]}}],"collection":[{"href":"https:\/\/www.jacobsoft.com.mx\/es_mx\/wp-json\/wp\/v2\/pages"}],"about":[{"href":"https:\/\/www.jacobsoft.com.mx\/es_mx\/wp-json\/wp\/v2\/types\/page"}],"author":[{"embeddable":true,"href":"https:\/\/www.jacobsoft.com.mx\/es_mx\/wp-json\/wp\/v2\/users\/3"}],"replies":[{"embeddable":true,"href":"https:\/\/www.jacobsoft.com.mx\/es_mx\/wp-json\/wp\/v2\/comments?post=76"}],"version-history":[{"count":25,"href":"https:\/\/www.jacobsoft.com.mx\/es_mx\/wp-json\/wp\/v2\/pages\/76\/revisions"}],"predecessor-version":[{"id":1899,"href":"https:\/\/www.jacobsoft.com.mx\/es_mx\/wp-json\/wp\/v2\/pages\/76\/revisions\/1899"}],"wp:attachment":[{"href":"https:\/\/www.jacobsoft.com.mx\/es_mx\/wp-json\/wp\/v2\/media?parent=76"}],"curies":[{"name":"wp","href":"https:\/\/api.w.org\/{rel}","templated":true}]}}