{"id":847,"date":"2018-12-05T00:01:17","date_gmt":"2018-12-05T06:01:17","guid":{"rendered":"http:\/\/www.jacobsoft.com.mx\/?page_id=847"},"modified":"2018-12-05T00:01:19","modified_gmt":"2018-12-05T06:01:19","slug":"dmca","status":"publish","type":"page","link":"https:\/\/www.jacobsoft.com.mx\/es_mx\/dmca\/","title":{"rendered":"DMCA"},"content":{"rendered":"\n<h2 class=\"wp-block-heading\">DMCA<\/h2>\n\n\n\n<p>JacobSoft respeta los derechos de propiedad intelectual propios y de otros y espera que sus usuarios hagan lo mismo. Es pol\u00edtica de JacobSoft, en circunstancias apropiadas y a su discreci\u00f3n, desactivar y\/o cancelar las cuentas de los usuarios que infrinjan repetidamente o que se denuncien repetidamente por infringir los derechos de autor u otros derechos de propiedad intelectual de otros.<\/p>\n\n\n\n<p>De acuerdo con la Digital Millennium Copyright Act de 1998, cuyo texto se puede encontrar en el sitio web de la Oficina de Derecho de Autor de EE.UU. en http:\/\/www.copyright.gov\/legislation\/dmca.pdf, JacobSoft responder\u00e1 en forma expedita a los reclamos de violaci\u00f3n de derechos de autor cometidos usando el sitio JacobSoft.com.mx (el \u201cSitio\u201d) y que sean informados a JacobSoft, e identificados con el aviso que se muestra mas abajo.<\/p>\n\n\n\n<p>Si usted es titular de un copyright (derecho de autor) o est\u00e1 autorizado para actuar en nombre de uno o autorizado a actuar bajo cualquier derecho exclusivo de copyright, por favor informa las supuestas infracciones de derechos de autor que ocurren a trav\u00e9s del Sitio, completando el siguiente formulario y envi\u00e1ndolo a JacobSoft. Una vez recibida la notificaci\u00f3n que se detalla m\u00e1s abajo, JacobSoft, a su sola discreci\u00f3n, tomar\u00e1 las medidas que considere apropiadas, incluyendo la eliminaci\u00f3n del material cuestionado en el Sitio.<\/p>\n\n\n\n<p>Contacto: jacob@jacobsoft.com.mx<\/p>\n\n\n\n<p>Aviso de Supuesta infracci\u00f3n DMCA (\u201cAviso\u201d).<\/p>\n\n\n\n<p>Por favor proporcione la siguiente informaci\u00f3n para nuestro Agente de Derechos de Autor:<\/p>\n\n\n\n<ol class=\"wp-block-list\"><li>Identifique la obra registrada que usted afirma que ha sido violada, o \u2013 si m\u00faltiples obras est\u00e1n incluidas en este aviso \u2013 proporcione una lista detallada de las obras con derechos de autor que usted afirma han sido violadas.<\/li><li>Identifique (i) el material que Ud. considera que ha sido infringido (o que sea objeto de la actividad infractora) y que deba ser eliminado o cuyo acceso deba ser inhabilitado, as\u00ed como la informaci\u00f3n suficientemente razonable que nos permita ubicar el material, incluyendo a como m\u00ednimo, en su caso, la URL del enlace que aparece en el sitio donde se puede hallar dicho material, y (ii) la referencia o enlace, al material o actividad que usted considera que ha sido infringida, que deba ser eliminada o cuyo acceso deba ser inhabilitado, o bien informaci\u00f3n suficientemente razonable para permitirnos localizar tales referencias o enlaces, incluyendo como m\u00ednimo, en su caso, la URL del enlace que aparece en el sitio donde se pueden encontrar dicha referencia o enlace.<\/li><li>Proporcione su direcci\u00f3n postal, n\u00famero de tel\u00e9fono y, si es posible, direcci\u00f3n de correo electr\u00f3nico.<\/li><li>Incluya las dos siguientes declaraciones en el cuerpo de la Notificaci\u00f3n:<br>\n\u201cPor la presente declaro que creo, de buena fe, que el uso del material con derechos de autor, referencia o enlaces a este tipo de material cuestionado no est\u00e1 autorizado por el titular del copyright, su agente, o la ley (por ejemplo, como un uso justo).\u201d<br>\n\u201cDeclaro que la informaci\u00f3n de este aviso es exacta y, bajo pena de perjurio, soy el due\u00f1o, o estoy autorizado para actuar en nombre del titular de los derechos de autor o de un derecho exclusivo bajo el copyright que presuntamente se ha infringido.\u201d<\/li><li>Proporcione su nombre completo y su firma electr\u00f3nica o f\u00edsica.<\/li><\/ol>\n\n\n\n<div class=\"wpcf7 no-js\" id=\"wpcf7-f849-o1\" lang=\"es-MX\" dir=\"ltr\" data-wpcf7-id=\"849\">\n<div class=\"screen-reader-response\"><p role=\"status\" aria-live=\"polite\" aria-atomic=\"true\"><\/p> <ul><\/ul><\/div>\n<form action=\"\/es_mx\/wp-json\/wp\/v2\/pages\/847#wpcf7-f849-o1\" method=\"post\" class=\"wpcf7-form init\" aria-label=\"Formulario de contacto\" novalidate=\"novalidate\" data-status=\"init\">\n<fieldset class=\"hidden-fields-container\"><input type=\"hidden\" name=\"_wpcf7\" value=\"849\" \/><input type=\"hidden\" name=\"_wpcf7_version\" value=\"6.1.2\" \/><input type=\"hidden\" name=\"_wpcf7_locale\" value=\"es_MX\" \/><input type=\"hidden\" name=\"_wpcf7_unit_tag\" value=\"wpcf7-f849-o1\" \/><input type=\"hidden\" name=\"_wpcf7_container_post\" value=\"0\" \/><input type=\"hidden\" name=\"_wpcf7_posted_data_hash\" value=\"\" \/><input type=\"hidden\" name=\"_wpcf7_recaptcha_response\" value=\"\" \/>\n<\/fieldset>\n<p><label> Tu Nombre (requerido)<br \/>\n<span class=\"wpcf7-form-control-wrap\" data-name=\"your-name\"><input size=\"40\" maxlength=\"400\" class=\"wpcf7-form-control wpcf7-text wpcf7-validates-as-required\" aria-required=\"true\" aria-invalid=\"false\" value=\"\" type=\"text\" name=\"your-name\" \/><\/span> <\/label>\n<\/p>\n<p><label> Tu correo electr\u00f3nico (requerido)<br \/>\n<span class=\"wpcf7-form-control-wrap\" data-name=\"your-email\"><input size=\"40\" maxlength=\"400\" class=\"wpcf7-form-control wpcf7-email wpcf7-validates-as-required wpcf7-text wpcf7-validates-as-email\" aria-required=\"true\" aria-invalid=\"false\" value=\"\" type=\"email\" name=\"your-email\" \/><\/span> <\/label>\n<\/p>\n<p><label> Asunto<br \/>\n<span class=\"wpcf7-form-control-wrap\" data-name=\"your-subject\"><input size=\"40\" maxlength=\"400\" class=\"wpcf7-form-control wpcf7-text\" aria-invalid=\"false\" value=\"\" type=\"text\" name=\"your-subject\" \/><\/span> <\/label>\n<\/p>\n<p><label> Tu Mensaje<br \/>\n<span class=\"wpcf7-form-control-wrap\" data-name=\"your-message\"><textarea cols=\"40\" rows=\"10\" maxlength=\"2000\" class=\"wpcf7-form-control wpcf7-textarea\" aria-invalid=\"false\" name=\"your-message\"><\/textarea><\/span> <\/label>\n<\/p>\n\n<p><input class=\"wpcf7-form-control wpcf7-submit has-spinner\" type=\"submit\" value=\"Enviar\" \/>\n<\/p><div class=\"wpcf7-response-output\" aria-hidden=\"true\"><\/div>\n<\/form>\n<\/div>\n\n","protected":false},"excerpt":{"rendered":"<p>DMCA JacobSoft respeta los derechos de propiedad intelectual propios y de otros y espera que &hellip; <\/p>\n","protected":false},"author":2,"featured_media":0,"parent":0,"menu_order":0,"comment_status":"closed","ping_status":"closed","template":"","meta":{"advgb_blocks_editor_width":"","advgb_blocks_columns_visual_guide":"","_monsterinsights_skip_tracking":false,"_monsterinsights_sitenote_active":false,"_monsterinsights_sitenote_note":"","_monsterinsights_sitenote_category":0,"_uf_show_specific_survey":0,"_uf_disable_surveys":false,"footnotes":""},"class_list":["post-847","page","type-page","status-publish","hentry"],"aioseo_notices":[],"featured_image_src":null,"featured_image_src_square":null,"coauthors":[],"author_meta":{"author_link":"https:\/\/www.jacobsoft.com.mx\/es_mx\/author\/jacob-avila\/","display_name":"Jacob Avila Camacho"},"relative_dates":{"created":"Publicado 7 a\u00f1os hace","modified":"Actualizado 7 a\u00f1os hace"},"absolute_dates":{"created":"Publicado el diciembre 5, 2018","modified":"Actualizado el diciembre 5, 2018"},"absolute_dates_time":{"created":"Publicado el diciembre 5, 2018 12:01 am","modified":"Actualizado el diciembre 5, 2018 12:01 am"},"featured_img_caption":"","featured_img":false,"series_order":"","_links":{"self":[{"href":"https:\/\/www.jacobsoft.com.mx\/es_mx\/wp-json\/wp\/v2\/pages\/847","targetHints":{"allow":["GET"]}}],"collection":[{"href":"https:\/\/www.jacobsoft.com.mx\/es_mx\/wp-json\/wp\/v2\/pages"}],"about":[{"href":"https:\/\/www.jacobsoft.com.mx\/es_mx\/wp-json\/wp\/v2\/types\/page"}],"author":[{"embeddable":true,"href":"https:\/\/www.jacobsoft.com.mx\/es_mx\/wp-json\/wp\/v2\/users\/2"}],"replies":[{"embeddable":true,"href":"https:\/\/www.jacobsoft.com.mx\/es_mx\/wp-json\/wp\/v2\/comments?post=847"}],"version-history":[{"count":3,"href":"https:\/\/www.jacobsoft.com.mx\/es_mx\/wp-json\/wp\/v2\/pages\/847\/revisions"}],"predecessor-version":[{"id":851,"href":"https:\/\/www.jacobsoft.com.mx\/es_mx\/wp-json\/wp\/v2\/pages\/847\/revisions\/851"}],"wp:attachment":[{"href":"https:\/\/www.jacobsoft.com.mx\/es_mx\/wp-json\/wp\/v2\/media?parent=847"}],"curies":[{"name":"wp","href":"https:\/\/api.w.org\/{rel}","templated":true}]}}